{"id":138,"date":"2014-05-31T18:11:05","date_gmt":"2014-05-31T18:11:05","guid":{"rendered":"http:\/\/demo.themegrill.com\/accelerate\/?page_id=138"},"modified":"2021-09-22T15:35:56","modified_gmt":"2021-09-22T18:35:56","slug":"suco-de-abacaxi-maguary-life-1l","status":"publish","type":"page","link":"https:\/\/chiabai.com.br\/index.php\/suco-de-abacaxi-maguary-life-1l\/","title":{"rendered":"Suco de Abacaxi Maguary Life 1L"},"content":{"rendered":"\n<div class=\"wp-block-media-text alignwide is-stacked-on-mobile\" style=\"grid-template-columns:30% auto\"><figure class=\"wp-block-media-text__media\"><img loading=\"lazy\" decoding=\"async\" width=\"640\" height=\"425\" src=\"https:\/\/chiabai.com.br\/wp-content\/uploads\/2021\/09\/suco-maguary-1.jpg\" alt=\"\" class=\"wp-image-358 size-full\" srcset=\"https:\/\/chiabai.com.br\/wp-content\/uploads\/2021\/09\/suco-maguary-1.jpg 640w, https:\/\/chiabai.com.br\/wp-content\/uploads\/2021\/09\/suco-maguary-1-300x199.jpg 300w\" sizes=\"auto, (max-width: 640px) 100vw, 640px\" \/><\/figure><div class=\"wp-block-media-text__content\">\n<p class=\"has-normal-font-size\"> Suco de Abacaxi Maguary Life 1L<br>Ingredientes:<br>\u00c1gua, suco concentrado de abacaxi, suco concentrado de ma\u00e7\u00e3, vitamina C, maltodextrina, vitamina B3, pirofosfato f\u00e9rrico, sulfato de zinco, vitaminas (B2, B6, \u00e1cido f\u00f3lico e B12), acidulante: \u00e1cido c\u00edtrico (INS 330), aromatizantes: aromas naturais e antiespumante (INS 900a). N\u00c3O CONT\u00c9M GL\u00daTEN. <\/p>\n<\/div><\/div>\n","protected":false},"excerpt":{"rendered":"<p>Suco de Abacaxi Maguary Life 1LIngredientes:\u00c1gua, suco concentrado de abacaxi, suco concentrado de ma\u00e7\u00e3, vitamina C, maltodextrina, vitamina B3, pirofosfato f\u00e9rrico, sulfato de zinco, vitaminas (B2, B6, \u00e1cido f\u00f3lico e B12), acidulante: \u00e1cido c\u00edtrico (INS 330), aromatizantes: aromas naturais e<\/p>\n","protected":false},"author":1,"featured_media":358,"parent":0,"menu_order":0,"comment_status":"closed","ping_status":"closed","template":"","meta":{"footnotes":""},"class_list":["post-138","page","type-page","status-publish","has-post-thumbnail","hentry"],"_links":{"self":[{"href":"https:\/\/chiabai.com.br\/index.php\/wp-json\/wp\/v2\/pages\/138","targetHints":{"allow":["GET"]}}],"collection":[{"href":"https:\/\/chiabai.com.br\/index.php\/wp-json\/wp\/v2\/pages"}],"about":[{"href":"https:\/\/chiabai.com.br\/index.php\/wp-json\/wp\/v2\/types\/page"}],"author":[{"embeddable":true,"href":"https:\/\/chiabai.com.br\/index.php\/wp-json\/wp\/v2\/users\/1"}],"replies":[{"embeddable":true,"href":"https:\/\/chiabai.com.br\/index.php\/wp-json\/wp\/v2\/comments?post=138"}],"version-history":[{"count":1,"href":"https:\/\/chiabai.com.br\/index.php\/wp-json\/wp\/v2\/pages\/138\/revisions"}],"predecessor-version":[{"id":360,"href":"https:\/\/chiabai.com.br\/index.php\/wp-json\/wp\/v2\/pages\/138\/revisions\/360"}],"wp:featuredmedia":[{"embeddable":true,"href":"https:\/\/chiabai.com.br\/index.php\/wp-json\/wp\/v2\/media\/358"}],"wp:attachment":[{"href":"https:\/\/chiabai.com.br\/index.php\/wp-json\/wp\/v2\/media?parent=138"}],"curies":[{"name":"wp","href":"https:\/\/api.w.org\/{rel}","templated":true}]}}